{"id":43,"date":"2023-10-24T17:11:00","date_gmt":"2023-10-24T15:11:00","guid":{"rendered":"https:\/\/sound-scribe.com\/?page_id=43"},"modified":"2025-09-28T18:38:16","modified_gmt":"2025-09-28T16:38:16","slug":"theinterviewpit","status":"publish","type":"page","link":"https:\/\/sound-scribe.com\/en\/theinterviewpit\/","title":{"rendered":"The Interview Pit"},"content":{"rendered":"<div class=\"wp-block-group alignwide is-layout-flow wp-block-group-is-layout-flow\">\n<p class=\"has-text-align-center has-foreground-color has-text-color has-link-color wp-elements-95e91035e5cd8882ffd7161151649364 wp-block-paragraph\"><strong>Interviews with various musicians, vocalists from all kind of bands from all around the world<br>Rozhovory s r\u016fzn\u00fdmi muzikanty, vokalisty ze v\u0161ech mo\u017en\u00fdch kapel z cel\u00e9ho sv\u011bta<\/strong><\/p>\n<\/div>\n\n\n\n<div class=\"wp-block-columns alignfull is-layout-flex wp-container-core-columns-is-layout-7387b849 wp-block-columns-is-layout-flex\">\n<div class=\"wp-block-column has-ast-global-color-4-background-color has-background has-medium-font-size is-layout-flow wp-block-column-is-layout-flow\" style=\"border-radius:10px;padding-top:var(--wp--preset--spacing--40);padding-right:var(--wp--preset--spacing--40);padding-bottom:var(--wp--preset--spacing--40);padding-left:var(--wp--preset--spacing--40);flex-basis:100%\">\t<div\n\t\tclass=\"wp-block-newspack-blocks-homepage-articles alignfull is-style-borders wpnbha show-image image-alignleft ts-3 is-2 is-square mobile-stack is-style-borders has-text-align-left has-more-button\"\n\t\tstyle=\"\"\n\t\t>\n\t\t\t\t\t<style id=\"newspack-blocks-inline-css\" type=\"text\/css\">\t\t.wp-block-newspack-blocks-homepage-articles article .entry-title {\n\t\t\tfont-size: 1.2em;\n\t\t}\n\t\t.wp-block-newspack-blocks-homepage-articles .entry-meta {\n\t\t\tdisplay: flex;\n\t\t\tflex-wrap: wrap;\n\t\t\talign-items: center;\n\t\t\tmargin-top: 0.5em;\n\t\t}\n\t\t.wp-block-newspack-blocks-homepage-articles article .entry-meta {\n\t\t\tfont-size: 0.8em;\n\t\t}\n\t\t.wp-block-newspack-blocks-homepage-articles article .avatar {\n\t\t\theight: 25px;\n\t\t\twidth: 25px;\n\t\t}\n\t\t.wp-block-newspack-blocks-homepage-articles .post-thumbnail{\n\t\t\tmargin: 0;\n\t\t\tmargin-bottom: 0.25em;\n\t\t}\n\t\t.wp-block-newspack-blocks-homepage-articles .post-thumbnail img {\n\t\t\theight: auto;\n\t\t\twidth: 100%;\n\t\t}\n\t\t.wp-block-newspack-blocks-homepage-articles .post-thumbnail figcaption {\n\t\t\tmargin-bottom: 0.5em;\n\t\t}\n\t\t.wp-block-newspack-blocks-homepage-articles p {\n\t\t\tmargin: 0.5em 0;\n\t\t}\n\n\t\t.wpnbha.ts-3 .entry-title{font-size: 1em}.wpnbha.ts-3 article .newspack-post-subtitle, .wpnbha.ts-3 article .entry-wrapper p, .wpnbha.ts-3 article .entry-wrapper .more-link, .wpnbha.ts-3 article .entry-meta {font-size: 0.8em;}\t<\/style>\n\t\t\t\t<div data-posts data-current-post-id=\"43\">\n\t\t\t\t\t\t\n\t<article data-post-id=\"18228\"\n\t\tclass=\"tag-2025 tag-citron tag-interview tag-masters-of-rock tag-metal category-the-interview-pit type-post post-has-image\"\n\t\t\t\t>\n\t\t\t\t\t\t\t<figure class=\"post-thumbnail\">\n\t\t\t\t\t\t\t\t<a href=\"https:\/\/sound-scribe.com\/en\/2026\/04\/12\/jirka-rain-ze-sebastien-a-citron\/\" rel=\"bookmark\" tabindex=\"-1\" aria-hidden=\"true\">\n\t\t\t\t\t\t\t\t\t\t\t\t<img loading=\"lazy\" decoding=\"async\" width=\"1200\" height=\"1200\" src=\"https:\/\/i0.wp.com\/sound-scribe.com\/wp-content\/uploads\/2026\/04\/Gerge_Rain_MoR_25-1.jpg?resize=1200%2C1200&amp;ssl=1\" class=\"attachment-newspack-article-block-square-large size-newspack-article-block-square-large wp-post-image\" alt=\"Jirka Rain ze Sebastien a Citron\" data-hero-candidate=\"1\" data-attachment-id=\"19422\" data-permalink=\"https:\/\/sound-scribe.com\/en\/gerge_rain_mor_25-1\/\" data-orig-file=\"https:\/\/i0.wp.com\/sound-scribe.com\/wp-content\/uploads\/2026\/04\/Gerge_Rain_MoR_25-1.jpg?fit=2048%2C1365&amp;ssl=1\" data-orig-size=\"2048,1365\" data-comments-opened=\"1\" data-image-meta=\"{&quot;aperture&quot;:&quot;0&quot;,&quot;credit&quot;:&quot;&quot;,&quot;camera&quot;:&quot;&quot;,&quot;caption&quot;:&quot;&quot;,&quot;created_timestamp&quot;:&quot;0&quot;,&quot;copyright&quot;:&quot;&quot;,&quot;focal_length&quot;:&quot;0&quot;,&quot;iso&quot;:&quot;0&quot;,&quot;shutter_speed&quot;:&quot;0&quot;,&quot;title&quot;:&quot;&quot;,&quot;orientation&quot;:&quot;0&quot;}\" data-image-title=\"Gerge_Rain_MoR_25 (1)\" data-image-description=\"\" data-image-caption=\"\" data-large-file=\"https:\/\/i0.wp.com\/sound-scribe.com\/wp-content\/uploads\/2026\/04\/Gerge_Rain_MoR_25-1.jpg?fit=1024%2C683&amp;ssl=1\" \/>\t\t\t\t\t\t\t\t\t\t\t\t<\/a>\n\t\t\t\t\n\t\t\t\t\t\t\t<\/figure><!-- .featured-image -->\n\t\t\n\t\t<div class=\"entry-wrapper\">\n\t\t\t<h2 class=\"entry-title\"><a href=\"https:\/\/sound-scribe.com\/en\/2026\/04\/12\/jirka-rain-ze-sebastien-a-citron\/\" rel=\"bookmark\">Jirka Rain of Sebastien and Citron<\/a><\/h2>\t\t\t\t\t\t<p>The interview with Jirka Rain took place at the Masters of Rock festival in Vizovice. We talked about the bands Sebastien and Citron, their new albums, and their recent concert experiences.<\/p>\n\t\t\t\t<a class=\"more-link\" href=\"https:\/\/sound-scribe.com\/en\/2026\/04\/12\/jirka-rain-ze-sebastien-a-citron\/\" rel=\"bookmark\">\n\t\t\t\t\tRock More\t\t\t\t<\/a>\n\t\t\t\t\t\t\t\t<div class=\"entry-meta\">\n\t\t\t\t\t\t\t\t\t\t\t<span class=\"byline\">\n\t\t\t\t\t\t\t<span class=\"author-prefix\">by<\/span> <span class=\"author vcard\"><a class=\"url fn n\" href=\"https:\/\/sound-scribe.com\/en\/author\/rysovak\/\">Kerry Lynx<\/a><\/span>\t\t\t\t\t\t<\/span><!-- .author-name -->\n\t\t\t\t\t\t<time class=\"entry-date published\" datetime=\"2026-04-12T14:00:00+02:00\">12 April 2026<\/time><time class=\"updated\" datetime=\"2026-04-11T22:22:46+02:00\">11 April 2026<\/time>\t\t\t\t<\/div><!-- .entry-meta -->\n\t\t\t\t\t<\/div><!-- .entry-wrapper -->\n\t<\/article>\n\n\t\t\n\t<article data-post-id=\"8314\"\n\t\tclass=\"tag-2025 tag-interview tag-metal tag-perchta tag-serenity category-the-interview-pit type-post post-has-image\"\n\t\t\t\t>\n\t\t\t\t\t\t\t<figure class=\"post-thumbnail\">\n\t\t\t\t\t\t\t\t<a href=\"https:\/\/sound-scribe.com\/en\/2025\/05\/27\/fabio-of-serenity\/\" rel=\"bookmark\" tabindex=\"-1\" aria-hidden=\"true\">\n\t\t\t\t\t\t\t\t\t\t\t\t<img loading=\"lazy\" decoding=\"async\" width=\"1200\" height=\"1200\" src=\"https:\/\/i0.wp.com\/sound-scribe.com\/wp-content\/uploads\/2025\/05\/fabio_250430_leipzig-4-1.jpg?resize=1200%2C1200&amp;ssl=1\" class=\"attachment-newspack-article-block-square-large size-newspack-article-block-square-large wp-post-image\" alt=\"Fabio of Serenity\" data-hero-candidate=\"1\" data-attachment-id=\"8355\" data-permalink=\"https:\/\/sound-scribe.com\/en\/2025\/05\/27\/fabio-of-serenity\/fabio_250430_leipzig-4\/\" data-orig-file=\"https:\/\/i0.wp.com\/sound-scribe.com\/wp-content\/uploads\/2025\/05\/fabio_250430_leipzig-4-1.jpg?fit=1794%2C2392&amp;ssl=1\" data-orig-size=\"1794,2392\" data-comments-opened=\"1\" data-image-meta=\"{&quot;aperture&quot;:&quot;2.7&quot;,&quot;credit&quot;:&quot;&quot;,&quot;camera&quot;:&quot;DMC-LX3&quot;,&quot;caption&quot;:&quot;&quot;,&quot;created_timestamp&quot;:&quot;1746040776&quot;,&quot;copyright&quot;:&quot;&quot;,&quot;focal_length&quot;:&quot;11.1&quot;,&quot;iso&quot;:&quot;400&quot;,&quot;shutter_speed&quot;:&quot;0.016666666666667&quot;,&quot;title&quot;:&quot;&quot;,&quot;orientation&quot;:&quot;1&quot;}\" data-image-title=\"fabio_250430_leipzig-4\" data-image-description=\"\" data-image-caption=\"\" data-large-file=\"https:\/\/i0.wp.com\/sound-scribe.com\/wp-content\/uploads\/2025\/05\/fabio_250430_leipzig-4-1.jpg?fit=768%2C1024&amp;ssl=1\" \/>\t\t\t\t\t\t\t\t\t\t\t\t<\/a>\n\t\t\t\t\n\t\t\t\t\t\t\t<\/figure><!-- .featured-image -->\n\t\t\n\t\t<div class=\"entry-wrapper\">\n\t\t\t<h2 class=\"entry-title\"><a href=\"https:\/\/sound-scribe.com\/en\/2025\/05\/27\/fabio-of-serenity\/\" rel=\"bookmark\">Fabio of Serenity<\/a><\/h2>\t\t\t\t\t\t<p>Fabio D&#8217;Amore discusses his role in managing the studio Synonym of Sound, aiding emerging artists, and shares insights on his band Serenity, personal projects, and the music industry challenges.<\/p>\n\t\t\t\t<a class=\"more-link\" href=\"https:\/\/sound-scribe.com\/en\/2025\/05\/27\/fabio-of-serenity\/\" rel=\"bookmark\">\n\t\t\t\t\tRock More\t\t\t\t<\/a>\n\t\t\t\t\t\t\t\t<div class=\"entry-meta\">\n\t\t\t\t\t\t\t\t\t\t\t<span class=\"byline\">\n\t\t\t\t\t\t\t<span class=\"author-prefix\">by<\/span> <span class=\"author vcard\"><a class=\"url fn n\" href=\"https:\/\/sound-scribe.com\/en\/author\/rysovak\/\">Kerry Lynx<\/a><\/span>\t\t\t\t\t\t<\/span><!-- .author-name -->\n\t\t\t\t\t\t<time class=\"entry-date published\" datetime=\"2025-05-27T08:45:09+02:00\">27 May 2025<\/time><time class=\"updated\" datetime=\"2025-09-29T13:29:19+02:00\">29 September 2025<\/time>\t\t\t\t<\/div><!-- .entry-meta -->\n\t\t\t\t\t<\/div><!-- .entry-wrapper -->\n\t<\/article>\n\n\t\t\n\t<article data-post-id=\"7708\"\n\t\tclass=\"tag-2025 tag-crystallion tag-interview tag-metal tag-power-metal tag-zbytiny category-the-interview-pit type-post post-has-image\"\n\t\t\t\t>\n\t\t\t\t\t\t\t<figure class=\"post-thumbnail\">\n\t\t\t\t\t\t\t\t<a href=\"https:\/\/sound-scribe.com\/en\/2025\/05\/16\/tony-of-crystallion\/\" rel=\"bookmark\" tabindex=\"-1\" aria-hidden=\"true\">\n\t\t\t\t\t\t\t\t\t\t\t\t<img loading=\"lazy\" decoding=\"async\" width=\"800\" height=\"800\" src=\"https:\/\/i0.wp.com\/sound-scribe.com\/wp-content\/uploads\/2025\/04\/metal-party-zbytiny_12.04.2025_dsc_6971.jpg?resize=800%2C800&amp;ssl=1\" class=\"attachment-newspack-article-block-square-medium size-newspack-article-block-square-medium wp-post-image\" alt=\"Tony of Crystallion\" data-hero-candidate=\"1\" data-attachment-id=\"7709\" data-permalink=\"https:\/\/sound-scribe.com\/en\/2025\/05\/16\/tony-of-crystallion\/metal-party-zbytiny_12-04-2025_dsc_6971\/\" data-orig-file=\"https:\/\/i0.wp.com\/sound-scribe.com\/wp-content\/uploads\/2025\/04\/metal-party-zbytiny_12.04.2025_dsc_6971.jpg?fit=1600%2C1068&amp;ssl=1\" data-orig-size=\"1600,1068\" data-comments-opened=\"1\" data-image-meta=\"{&quot;aperture&quot;:&quot;0&quot;,&quot;credit&quot;:&quot;LENKA MACHULDOVA&quot;,&quot;camera&quot;:&quot;&quot;,&quot;caption&quot;:&quot;&quot;,&quot;created_timestamp&quot;:&quot;0&quot;,&quot;copyright&quot;:&quot;&quot;,&quot;focal_length&quot;:&quot;0&quot;,&quot;iso&quot;:&quot;0&quot;,&quot;shutter_speed&quot;:&quot;0&quot;,&quot;title&quot;:&quot;&quot;,&quot;orientation&quot;:&quot;0&quot;}\" data-image-title=\"Metal Party Zbytiny_12.04.2025_DSC_6971\" data-image-description=\"\" data-image-caption=\"\" data-large-file=\"https:\/\/i0.wp.com\/sound-scribe.com\/wp-content\/uploads\/2025\/04\/metal-party-zbytiny_12.04.2025_dsc_6971.jpg?fit=1024%2C684&amp;ssl=1\" \/>\t\t\t\t\t\t\t\t\t\t\t\t<\/a>\n\t\t\t\t\n\t\t\t\t\t\t\t<\/figure><!-- .featured-image -->\n\t\t\n\t\t<div class=\"entry-wrapper\">\n\t\t\t<h2 class=\"entry-title\"><a href=\"https:\/\/sound-scribe.com\/en\/2025\/05\/16\/tony-of-crystallion\/\" rel=\"bookmark\">Tony of Crystallion<\/a><\/h2>\t\t\t\t\t\t<p>Tony Sunclear, the new singer of Crystallion, shares his journey to joining the band, expressing gratitude for their acceptance. The band plans to record new music soon and enjoys touring\u2026<\/p>\n\t\t\t\t<a class=\"more-link\" href=\"https:\/\/sound-scribe.com\/en\/2025\/05\/16\/tony-of-crystallion\/\" rel=\"bookmark\">\n\t\t\t\t\tRock More\t\t\t\t<\/a>\n\t\t\t\t\t\t\t\t<div class=\"entry-meta\">\n\t\t\t\t\t\t\t\t\t\t\t<span class=\"byline\">\n\t\t\t\t\t\t\t<span class=\"author-prefix\">by<\/span> <span class=\"author vcard\"><a class=\"url fn n\" href=\"https:\/\/sound-scribe.com\/en\/author\/rysovak\/\">Kerry Lynx<\/a><\/span>\t\t\t\t\t\t<\/span><!-- .author-name -->\n\t\t\t\t\t\t<time class=\"entry-date published\" datetime=\"2025-05-16T15:11:00+02:00\">16 May 2025<\/time><time class=\"updated\" datetime=\"2025-05-17T09:05:09+02:00\">17 May 2025<\/time>\t\t\t\t<\/div><!-- .entry-meta -->\n\t\t\t\t\t<\/div><!-- .entry-wrapper -->\n\t<\/article>\n\n\t\t\n\t<article data-post-id=\"7508\"\n\t\tclass=\"tag-2025 tag-claymorean tag-heavy-metal tag-interview tag-metal tag-power-metal tag-zbytiny category-the-interview-pit type-post post-has-image\"\n\t\t\t\t>\n\t\t\t\t\t\t\t<figure class=\"post-thumbnail\">\n\t\t\t\t\t\t\t\t<a href=\"https:\/\/sound-scribe.com\/en\/2025\/04\/22\/vlad-of-claymorean\/\" rel=\"bookmark\" tabindex=\"-1\" aria-hidden=\"true\">\n\t\t\t\t\t\t\t\t\t\t\t\t<img loading=\"lazy\" decoding=\"async\" width=\"800\" height=\"800\" src=\"https:\/\/i0.wp.com\/sound-scribe.com\/wp-content\/uploads\/2025\/04\/metal-party-zbytiny_12.04.2025_dsc_6962.jpg?resize=800%2C800&amp;ssl=1\" class=\"attachment-newspack-article-block-square-medium size-newspack-article-block-square-medium wp-post-image\" alt=\"Vlad of Claymorean\" data-hero-candidate=\"1\" data-attachment-id=\"7682\" data-permalink=\"https:\/\/sound-scribe.com\/en\/metal-party-zbytiny_12-04-2025_dsc_6962\/\" data-orig-file=\"https:\/\/i0.wp.com\/sound-scribe.com\/wp-content\/uploads\/2025\/04\/metal-party-zbytiny_12.04.2025_dsc_6962.jpg?fit=1600%2C1068&amp;ssl=1\" data-orig-size=\"1600,1068\" data-comments-opened=\"1\" data-image-meta=\"{&quot;aperture&quot;:&quot;0&quot;,&quot;credit&quot;:&quot;LENKA MACHULDOVA&quot;,&quot;camera&quot;:&quot;&quot;,&quot;caption&quot;:&quot;&quot;,&quot;created_timestamp&quot;:&quot;0&quot;,&quot;copyright&quot;:&quot;&quot;,&quot;focal_length&quot;:&quot;0&quot;,&quot;iso&quot;:&quot;0&quot;,&quot;shutter_speed&quot;:&quot;0&quot;,&quot;title&quot;:&quot;&quot;,&quot;orientation&quot;:&quot;0&quot;}\" data-image-title=\"Metal Party Zbytiny_12.04.2025_DSC_6962\" data-image-description=\"\" data-image-caption=\"\" data-large-file=\"https:\/\/i0.wp.com\/sound-scribe.com\/wp-content\/uploads\/2025\/04\/metal-party-zbytiny_12.04.2025_dsc_6962.jpg?fit=1024%2C684&amp;ssl=1\" \/>\t\t\t\t\t\t\t\t\t\t\t\t<\/a>\n\t\t\t\t\n\t\t\t\t\t\t\t<\/figure><!-- .featured-image -->\n\t\t\n\t\t<div class=\"entry-wrapper\">\n\t\t\t<h2 class=\"entry-title\"><a href=\"https:\/\/sound-scribe.com\/en\/2025\/04\/22\/vlad-of-claymorean\/\" rel=\"bookmark\">Vlad of Claymorean<\/a><\/h2>\t\t\t\t\t\t<p>\u2193\u2193\u2193 English text down below \u2193\u2193\u2193 Poda\u0159ilo se mi vid\u011bt jedno z vystoupen\u00ed Claymorean a tak\u00e9 jsem str\u00e1vila n\u011bjak\u00fd \u010das s jejich zakladatelem Vladimirem Gar\u010devi\u0107em. Pokud jste o nich je\u0161t\u011b\u2026<\/p>\n\t\t\t\t<a class=\"more-link\" href=\"https:\/\/sound-scribe.com\/en\/2025\/04\/22\/vlad-of-claymorean\/\" rel=\"bookmark\">\n\t\t\t\t\tRock More\t\t\t\t<\/a>\n\t\t\t\t\t\t\t\t<div class=\"entry-meta\">\n\t\t\t\t\t\t\t\t\t\t\t<span class=\"byline\">\n\t\t\t\t\t\t\t<span class=\"author-prefix\">by<\/span> <span class=\"author vcard\"><a class=\"url fn n\" href=\"https:\/\/sound-scribe.com\/en\/author\/rysovak\/\">Kerry Lynx<\/a><\/span>\t\t\t\t\t\t<\/span><!-- .author-name -->\n\t\t\t\t\t\t<time class=\"entry-date published\" datetime=\"2025-04-22T11:26:09+02:00\">22 April 2025<\/time><time class=\"updated\" datetime=\"2025-04-24T22:10:52+02:00\">24 April 2025<\/time>\t\t\t\t<\/div><!-- .entry-meta -->\n\t\t\t\t\t<\/div><!-- .entry-wrapper -->\n\t<\/article>\n\n\t\t\n\t<article data-post-id=\"7035\"\n\t\tclass=\"tag-2025 tag-interview tag-metal tag-power-metal tag-serious-black category-the-interview-pit type-post post-has-image\"\n\t\t\t\t>\n\t\t\t\t\t\t\t<figure class=\"post-thumbnail\">\n\t\t\t\t\t\t\t\t<a href=\"https:\/\/sound-scribe.com\/en\/2025\/03\/23\/dominik-sebastian-of-serious-black\/\" rel=\"bookmark\" tabindex=\"-1\" aria-hidden=\"true\">\n\t\t\t\t\t\t\t\t\t\t\t\t<img loading=\"lazy\" decoding=\"async\" width=\"800\" height=\"800\" src=\"https:\/\/i0.wp.com\/sound-scribe.com\/wp-content\/uploads\/2025\/03\/serious-black_15.03.2025_dsc_3774.jpeg?resize=800%2C800&amp;ssl=1\" class=\"attachment-newspack-article-block-square-medium size-newspack-article-block-square-medium wp-post-image\" alt=\"Dominik Sebastian of Serious Black\" data-hero-candidate=\"1\" data-attachment-id=\"7026\" data-permalink=\"https:\/\/sound-scribe.com\/en\/2025\/03\/18\/serious-black-v-praze\/serious-black_15-03-2025_dsc_3774\/\" data-orig-file=\"https:\/\/i0.wp.com\/sound-scribe.com\/wp-content\/uploads\/2025\/03\/serious-black_15.03.2025_dsc_3774.jpeg?fit=1600%2C1068&amp;ssl=1\" data-orig-size=\"1600,1068\" data-comments-opened=\"1\" data-image-meta=\"{&quot;aperture&quot;:&quot;0&quot;,&quot;credit&quot;:&quot;LENKA MACHULDOVA&quot;,&quot;camera&quot;:&quot;&quot;,&quot;caption&quot;:&quot;&quot;,&quot;created_timestamp&quot;:&quot;0&quot;,&quot;copyright&quot;:&quot;&quot;,&quot;focal_length&quot;:&quot;0&quot;,&quot;iso&quot;:&quot;0&quot;,&quot;shutter_speed&quot;:&quot;0&quot;,&quot;title&quot;:&quot;&quot;,&quot;orientation&quot;:&quot;0&quot;}\" data-image-title=\"Serious Black_15.03.2025_DSC_3774\" data-image-description=\"\" data-image-caption=\"\" data-large-file=\"https:\/\/i0.wp.com\/sound-scribe.com\/wp-content\/uploads\/2025\/03\/serious-black_15.03.2025_dsc_3774.jpeg?fit=1024%2C684&amp;ssl=1\" \/>\t\t\t\t\t\t\t\t\t\t\t\t<\/a>\n\t\t\t\t\n\t\t\t\t\t\t\t<\/figure><!-- .featured-image -->\n\t\t\n\t\t<div class=\"entry-wrapper\">\n\t\t\t<h2 class=\"entry-title\"><a href=\"https:\/\/sound-scribe.com\/en\/2025\/03\/23\/dominik-sebastian-of-serious-black\/\" rel=\"bookmark\">Dominik Sebastian of Serious Black<\/a><\/h2>\t\t\t\t\t\t<p>\u2193\u2193\u2193 English down below \u2193\u2193\u2193 P\u0159ed vystoupen\u00edm skupiny Serious Black v pra\u017esk\u00e9m Storm Clubu jsem m\u011bla mo\u017enost si kr\u00e1tce popov\u00eddat s kytaristou a jedn\u00edm ze zakl\u00e1daj\u00edc\u00edch \u010dlen\u016f pr\u00e1v\u011b t\u00e9to skupinu,\u2026<\/p>\n\t\t\t\t<a class=\"more-link\" href=\"https:\/\/sound-scribe.com\/en\/2025\/03\/23\/dominik-sebastian-of-serious-black\/\" rel=\"bookmark\">\n\t\t\t\t\tRock More\t\t\t\t<\/a>\n\t\t\t\t\t\t\t\t<div class=\"entry-meta\">\n\t\t\t\t\t\t\t\t\t\t\t<span class=\"byline\">\n\t\t\t\t\t\t\t<span class=\"author-prefix\">by<\/span> <span class=\"author vcard\"><a class=\"url fn n\" href=\"https:\/\/sound-scribe.com\/en\/author\/rysovak\/\">Kerry Lynx<\/a><\/span>\t\t\t\t\t\t<\/span><!-- .author-name -->\n\t\t\t\t\t\t<time class=\"entry-date published updated\" datetime=\"2025-03-23T19:07:31+01:00\">23 March 2025<\/time>\t\t\t\t<\/div><!-- .entry-meta -->\n\t\t\t\t\t<\/div><!-- .entry-wrapper -->\n\t<\/article>\n\n\t\t\n\t<article data-post-id=\"6424\"\n\t\tclass=\"tag-2025 tag-industrial-metal tag-interview tag-live-show tag-metal tag-turmion-katilot category-the-interview-pit type-post post-has-image\"\n\t\t\t\t>\n\t\t\t\t\t\t\t<figure class=\"post-thumbnail\">\n\t\t\t\t\t\t\t\t<a href=\"https:\/\/sound-scribe.com\/en\/2025\/02\/02\/vocalists-of-turmion-katilot\/\" rel=\"bookmark\" tabindex=\"-1\" aria-hidden=\"true\">\n\t\t\t\t\t\t\t\t\t\t\t\t<img loading=\"lazy\" decoding=\"async\" width=\"800\" height=\"800\" src=\"https:\/\/i0.wp.com\/sound-scribe.com\/wp-content\/uploads\/2025\/02\/img_5632-enhanced-nr.jpg?resize=800%2C800&amp;ssl=1\" class=\"attachment-newspack-article-block-square-medium size-newspack-article-block-square-medium wp-post-image\" alt=\"Vocalists of Turmion K\u00e4til\u00f6t\" data-hero-candidate=\"1\" data-attachment-id=\"6438\" data-permalink=\"https:\/\/sound-scribe.com\/en\/2025\/02\/02\/vocalists-of-turmion-katilot\/img_5632-enhanced-nr\/\" data-orig-file=\"https:\/\/i0.wp.com\/sound-scribe.com\/wp-content\/uploads\/2025\/02\/img_5632-enhanced-nr.jpg?fit=1200%2C800&amp;ssl=1\" data-orig-size=\"1200,800\" data-comments-opened=\"1\" data-image-meta=\"{&quot;aperture&quot;:&quot;2.8&quot;,&quot;credit&quot;:&quot;Martin_Matess&quot;,&quot;camera&quot;:&quot;Canon EOS 60D&quot;,&quot;caption&quot;:&quot;&quot;,&quot;created_timestamp&quot;:&quot;1737846230&quot;,&quot;copyright&quot;:&quot;Matess&quot;,&quot;focal_length&quot;:&quot;111&quot;,&quot;iso&quot;:&quot;3200&quot;,&quot;shutter_speed&quot;:&quot;0.004&quot;,&quot;title&quot;:&quot;&quot;,&quot;orientation&quot;:&quot;0&quot;}\" data-image-title=\"IMG_5632-Enhanced-NR\" data-image-description=\"\" data-image-caption=\"\" data-large-file=\"https:\/\/i0.wp.com\/sound-scribe.com\/wp-content\/uploads\/2025\/02\/img_5632-enhanced-nr.jpg?fit=1024%2C683&amp;ssl=1\" \/>\t\t\t\t\t\t\t\t\t\t\t\t<\/a>\n\t\t\t\t\n\t\t\t\t\t\t\t<\/figure><!-- .featured-image -->\n\t\t\n\t\t<div class=\"entry-wrapper\">\n\t\t\t<h2 class=\"entry-title\"><a href=\"https:\/\/sound-scribe.com\/en\/2025\/02\/02\/vocalists-of-turmion-katilot\/\" rel=\"bookmark\">Vocalists of Turmion K\u00e4til\u00f6t<\/a><\/h2>\t\t\t\t\t\t<p>\u2193\u2193\u2193 English down below \u2193\u2193\u2193 P\u0159ed koncertem Turmion K\u00e4til\u00f6t ve Zl\u00edn\u011b 25.1.2025 jsem m\u011bla mo\u017enost se setkat s ob\u011bma zp\u011bv\u00e1ky t\u00e9to kapely, MC Raaka Pee (Petja Turunen) a Shag-U (Saku\u2026<\/p>\n\t\t\t\t<a class=\"more-link\" href=\"https:\/\/sound-scribe.com\/en\/2025\/02\/02\/vocalists-of-turmion-katilot\/\" rel=\"bookmark\">\n\t\t\t\t\tRock More\t\t\t\t<\/a>\n\t\t\t\t\t\t\t\t<div class=\"entry-meta\">\n\t\t\t\t\t\t\t\t\t\t\t<span class=\"byline\">\n\t\t\t\t\t\t\t<span class=\"author-prefix\">by<\/span> <span class=\"author vcard\"><a class=\"url fn n\" href=\"https:\/\/sound-scribe.com\/en\/author\/rysovak\/\">Kerry Lynx<\/a><\/span>\t\t\t\t\t\t<\/span><!-- .author-name -->\n\t\t\t\t\t\t<time class=\"entry-date published\" datetime=\"2025-02-02T21:05:28+01:00\">2 February 2025<\/time><time class=\"updated\" datetime=\"2025-02-02T22:30:24+01:00\">2 February 2025<\/time>\t\t\t\t<\/div><!-- .entry-meta -->\n\t\t\t\t\t<\/div><!-- .entry-wrapper -->\n\t<\/article>\n\n\t\t\t\t<\/div>\n\t\t\t\t\t<button type=\"button\" class=\"wp-block-button__link\"  data-next=\"https:\/\/sound-scribe.com\/en\/wp-json\/newspack-blocks\/v1\/articles?className=is-style-borders&#038;excerptLength=30&#038;showReadMore=1&#038;readMoreLabel=Rock%20More&#038;imageShape=square&#038;moreButton=1&#038;showAvatar=0&#038;postsToShow=6&#038;mediaPosition=left&#038;categories%5B0%5D=777397657&#038;typeScale=3&#038;imageScale=2&#038;mobileStack=1&#038;align=full&#038;showExcerpt=1&#038;showFullContent=0&#038;infiniteScroll=0&#038;showDate=1&#038;showImage=1&#038;showCaption=0&#038;showCredit=0&#038;disableImageLazyLoad=0&#038;fetchPriority&#038;minHeight=0&#038;moreButtonText&#038;showAuthor=1&#038;showCategory=0&#038;postLayout=list&#038;columns=3&#038;colGap=3&#038;&#038;categoryJoinType=or&#038;includeSubcategories=1&#038;&#038;&#038;&#038;&#038;&#038;sectionHeader&#038;specificMode=0&#038;textColor&#038;customTextColor&#038;singleMode=0&#038;showSubtitle=0&#038;postType%5B0%5D=post&#038;textAlign=left&#038;includedPostStatuses%5B0%5D=publish&#038;deduplicate=1&#038;TrpContentRestriction%5Brestriction_type%5D=exclude&#038;&#038;TrpContentRestriction%5Bpanel_open%5D=1&#038;page=2\">\n\t\t\t\t<span class=\"label\">\n\t\t\t\t\tLoad more posts\t\t\t\t<\/span>\n\t\t\t\t<span class=\"loading\"><\/span>\n\t\t\t<\/button>\n\t\t\t<p class=\"error\">\n\t\t\t\tSomething went wrong. Please refresh the page and\/or try again.\t\t\t<\/p>\n\n\t\t\n\t<\/div>\n\t<\/div>\n<\/div>","protected":false},"excerpt":{"rendered":"<p>Interviews with various musicians, vocalists from all kind of bands from all around the worldRozhovory s r\u016fzn\u00fdmi muzikanty, vokalisty ze v\u0161ech mo\u017en\u00fdch kapel z cel\u00e9ho sv\u011bta<\/p>","protected":false},"author":241323962,"featured_media":0,"parent":0,"menu_order":0,"comment_status":"closed","ping_status":"closed","template":"","meta":{"_crdt_document":"","site-sidebar-layout":"default","site-content-layout":"","ast-site-content-layout":"default","site-content-style":"default","site-sidebar-style":"default","ast-global-header-display":"","ast-banner-title-visibility":"","ast-main-header-display":"","ast-hfb-above-header-display":"","ast-hfb-below-header-display":"","ast-hfb-mobile-header-display":"","site-post-title":"","ast-breadcrumbs-content":"","ast-featured-img":"","footer-sml-layout":"","ast-disable-related-posts":"","theme-transparent-header-meta":"","adv-header-id-meta":"","stick-header-meta":"","header-above-stick-meta":"","header-main-stick-meta":"","header-below-stick-meta":"","astra-migrate-meta-layouts":"default","ast-page-background-enabled":"default","ast-page-background-meta":{"desktop":{"background-color":"var(--ast-global-color-5)","background-image":"","background-repeat":"repeat","background-position":"center center","background-size":"auto","background-attachment":"scroll","background-type":"","background-media":"","overlay-type":"","overlay-color":"","overlay-opacity":"","overlay-gradient":""},"tablet":{"background-color":"","background-image":"","background-repeat":"repeat","background-position":"center center","background-size":"auto","background-attachment":"scroll","background-type":"","background-media":"","overlay-type":"","overlay-color":"","overlay-opacity":"","overlay-gradient":""},"mobile":{"background-color":"","background-image":"","background-repeat":"repeat","background-position":"center center","background-size":"auto","background-attachment":"scroll","background-type":"","background-media":"","overlay-type":"","overlay-color":"","overlay-opacity":"","overlay-gradient":""}},"ast-content-background-meta":{"desktop":{"background-color":"var(--ast-global-color-4)","background-image":"","background-repeat":"repeat","background-position":"center center","background-size":"auto","background-attachment":"scroll","background-type":"","background-media":"","overlay-type":"","overlay-color":"","overlay-opacity":"","overlay-gradient":""},"tablet":{"background-color":"var(--ast-global-color-4)","background-image":"","background-repeat":"repeat","background-position":"center center","background-size":"auto","background-attachment":"scroll","background-type":"","background-media":"","overlay-type":"","overlay-color":"","overlay-opacity":"","overlay-gradient":""},"mobile":{"background-color":"var(--ast-global-color-4)","background-image":"","background-repeat":"repeat","background-position":"center center","background-size":"auto","background-attachment":"scroll","background-type":"","background-media":"","overlay-type":"","overlay-color":"","overlay-opacity":"","overlay-gradient":""}},"advanced_seo_description":"","jetpack_seo_html_title":"","jetpack_seo_noindex":false,"footnotes":""},"class_list":["post-43","page","type-page","status-publish","hentry"],"jetpack_likes_enabled":true,"jetpack_sharing_enabled":true,"jetpack_shortlink":"https:\/\/wp.me\/Pfd0HC-H","jetpack-related-posts":[],"_links":{"self":[{"href":"https:\/\/sound-scribe.com\/en\/wp-json\/wp\/v2\/pages\/43","targetHints":{"allow":["GET"]}}],"collection":[{"href":"https:\/\/sound-scribe.com\/en\/wp-json\/wp\/v2\/pages"}],"about":[{"href":"https:\/\/sound-scribe.com\/en\/wp-json\/wp\/v2\/types\/page"}],"author":[{"embeddable":true,"href":"https:\/\/sound-scribe.com\/en\/wp-json\/wp\/v2\/users\/241323962"}],"replies":[{"embeddable":true,"href":"https:\/\/sound-scribe.com\/en\/wp-json\/wp\/v2\/comments?post=43"}],"version-history":[{"count":15,"href":"https:\/\/sound-scribe.com\/en\/wp-json\/wp\/v2\/pages\/43\/revisions"}],"predecessor-version":[{"id":13042,"href":"https:\/\/sound-scribe.com\/en\/wp-json\/wp\/v2\/pages\/43\/revisions\/13042"}],"wp:attachment":[{"href":"https:\/\/sound-scribe.com\/en\/wp-json\/wp\/v2\/media?parent=43"}],"curies":[{"name":"wp","href":"https:\/\/api.w.org\/{rel}","templated":true}]}}